{"id":5510,"date":"2023-01-18T15:23:33","date_gmt":"2023-01-18T15:23:33","guid":{"rendered":"https:\/\/hertimeromania.com\/?page_id=5510"},"modified":"2025-10-10T18:47:52","modified_gmt":"2025-10-10T18:47:52","slug":"blog","status":"publish","type":"page","link":"https:\/\/hertimeromania.com\/en\/blog\/","title":{"rendered":"Blog"},"content":{"rendered":"[et_pb_section fb_built=&#8221;1&#8243; _builder_version=&#8221;4.27.4&#8243; _module_preset=&#8221;default&#8221; background_enable_color=&#8221;off&#8221; background_enable_image=&#8221;off&#8221; parallax=&#8221;on&#8221; custom_padding=&#8221;0px||0px||false|false&#8221; bottom_divider_color=&#8221;#f8e3dc&#8221; bottom_divider_flip=&#8221;horizontal&#8221; locked=&#8221;off&#8221; global_colors_info=&#8221;{}&#8221;][et_pb_row column_structure=&#8221;1_5,3_5,1_5&#8243; _builder_version=&#8221;4.27.4&#8243; _module_preset=&#8221;default&#8221; background_enable_color=&#8221;off&#8221; custom_padding=&#8221;0px||0px|||&#8221; global_colors_info=&#8221;{}&#8221;][et_pb_column type=&#8221;1_5&#8243; _builder_version=&#8221;4.19.0&#8243; _module_preset=&#8221;default&#8221; global_colors_info=&#8221;{}&#8221;][et_pb_text disabled_on=&#8221;on|on|off&#8221; _builder_version=&#8221;4.19.0&#8243; _module_preset=&#8221;default&#8221; background_image=&#8221;https:\/\/hertimeromania.com\/wp-content\/uploads\/2022\/11\/htr-mobilepng.png&#8221; width=&#8221;200px&#8221; module_alignment=&#8221;center&#8221; min_height=&#8221;200px&#8221; custom_margin=&#8221;||-1px|||&#8221; custom_padding=&#8221;|0px|14px|||&#8221; global_colors_info=&#8221;{}&#8221;][\/et_pb_text][\/et_pb_column][et_pb_column type=&#8221;3_5&#8243; _builder_version=&#8221;4.19.0&#8243; _module_preset=&#8221;default&#8221; global_colors_info=&#8221;{}&#8221;][et_pb_text _builder_version=&#8221;4.19.0&#8243; _module_preset=&#8221;5ff55506-da7d-4dd7-b409-9d62c7203201&#8243; text_font=&#8221;NOW-medium||||||||&#8221; text_text_color=&#8221;#5D1962&#8243; text_font_size=&#8221;28px&#8221; header_font=&#8221;|700|||||||&#8221; header_text_color=&#8221;#5D1962&#8243; header_font_size=&#8221;32px&#8221; header_line_height=&#8221;1.3em&#8221; custom_margin=&#8221;7px||50px|||&#8221; text_font_size_tablet=&#8221;15px&#8221; text_font_size_phone=&#8221;14px&#8221; text_font_size_last_edited=&#8221;on|phone&#8221; header_font_size_tablet=&#8221;55px&#8221; header_font_size_last_edited=&#8221;off|desktop&#8221; locked=&#8221;off&#8221; global_colors_info=&#8221;{}&#8221; content__hover_enabled=&#8221;off|desktop&#8221;]\n<h1 style=\"text-align: center;\">Bine ai venit pe blogul Hertime Romania!<\/h1>\n[\/et_pb_text][\/et_pb_column][et_pb_column type=&#8221;1_5&#8243; _builder_version=&#8221;4.19.0&#8243; _module_preset=&#8221;default&#8221; global_colors_info=&#8221;{}&#8221;][\/et_pb_column][\/et_pb_row][\/et_pb_section][et_pb_section fb_built=&#8221;1&#8243; theme_builder_area=&#8221;post_content&#8221; _builder_version=&#8221;4.27.4&#8243; _module_preset=&#8221;default&#8221;][et_pb_row _builder_version=&#8221;4.27.4&#8243; _module_preset=&#8221;default&#8221; theme_builder_area=&#8221;post_content&#8221;][et_pb_column _builder_version=&#8221;4.27.4&#8243; _module_preset=&#8221;default&#8221; type=&#8221;4_4&#8243; theme_builder_area=&#8221;post_content&#8221;][et_pb_blog _builder_version=&#8221;4.27.4&#8243; _module_preset=&#8221;default&#8221; theme_builder_area=&#8221;post_content&#8221; fullwidth=&#8221;off&#8221; hover_enabled=&#8221;0&#8243; sticky_enabled=&#8221;0&#8243; posts_number=&#8221;9&#8243;][\/et_pb_blog][\/et_pb_column][\/et_pb_row][\/et_pb_section][et_pb_section fb_built=&#8221;1&#8243; _builder_version=&#8221;4.27.4&#8243; _module_preset=&#8221;default&#8221; background_color=&#8221;RGBA(255,255,255,0)&#8221; custom_padding=&#8221;5px||5px||true|&#8221; top_divider_color=&#8221;#BFA4BC&#8221; top_divider_height=&#8221;50px&#8221; hover_enabled=&#8221;0&#8243; global_colors_info=&#8221;{}&#8221; min_height=&#8221;100px&#8221; sticky_enabled=&#8221;0&#8243;][et_pb_row _builder_version=&#8221;4.27.4&#8243; _module_preset=&#8221;default&#8221; hover_enabled=&#8221;0&#8243; global_colors_info=&#8221;{}&#8221; sticky_enabled=&#8221;0&#8243;][et_pb_column type=&#8221;4_4&#8243; _builder_version=&#8221;4.19.0&#8243; _module_preset=&#8221;default&#8221; global_colors_info=&#8221;{}&#8221;][dsm_gradient_text gradient_text=&#8221;Vorbim despre feminism&#8221; disabled_on=&#8221;off|off|off&#8221; _builder_version=&#8221;4.27.4&#8243; _module_preset=&#8221;default&#8221; header_font=&#8221;NOW-black||||||||&#8221; header_font_size=&#8221;40px&#8221; header_letter_spacing=&#8221;1px&#8221; background_color_gradient_type=&#8221;conic&#8221; background_color_gradient_direction=&#8221;134deg&#8221; background_color_gradient_direction_radial=&#8221;bottom&#8221; background_color_gradient_stops=&#8221;#5d1962 0%|#d69f90 100%&#8221; custom_margin=&#8221;||||false|false&#8221; hover_enabled=&#8221;0&#8243; locked=&#8221;off&#8221; global_colors_info=&#8221;{}&#8221; custom_padding=&#8221;||0px||false|false&#8221; sticky_enabled=&#8221;0&#8243; min_height=&#8221;96px&#8221;][\/dsm_gradient_text][et_pb_post_slider posts_number=&#8221;20&#8243; include_categories=&#8221;2,32&#8243; image_placement=&#8221;right&#8221; offset_number=&#8221;1&#8243; _builder_version=&#8221;4.27.4&#8243; _module_preset=&#8221;default&#8221; background_color=&#8221;#A2789C&#8221; custom_padding=&#8221;90px|||||&#8221; hover_enabled=&#8221;0&#8243; locked=&#8221;off&#8221; global_colors_info=&#8221;{}&#8221; sticky_enabled=&#8221;0&#8243;][\/et_pb_post_slider][\/et_pb_column][\/et_pb_row][\/et_pb_section][et_pb_section fb_built=&#8221;1&#8243; _builder_version=&#8221;4.19.0&#8243; _module_preset=&#8221;default&#8221; background_color=&#8221;RGBA(255,255,255,0)&#8221; custom_padding=&#8221;50px||50px||true|&#8221; global_colors_info=&#8221;{}&#8221;][et_pb_row _builder_version=&#8221;4.19.0&#8243; _module_preset=&#8221;default&#8221; custom_padding=&#8221;0px||0px|||&#8221; locked=&#8221;off&#8221; global_colors_info=&#8221;{}&#8221;][et_pb_column type=&#8221;4_4&#8243; _builder_version=&#8221;4.19.0&#8243; _module_preset=&#8221;default&#8221; global_colors_info=&#8221;{}&#8221;][ba_animated_text animated_text=&#8221;%91{%22value%22:%22Connect with us. Stay updated%22,%22checked%22:0,%22dragID%22:-1}%93&#8243; use_loop=&#8221;off&#8221; disabled_on=&#8221;off|off|off&#8221; _builder_version=&#8221;4.19.0&#8243; _module_preset=&#8221;default&#8221; animated_level=&#8221;h6&#8243; animated_font=&#8221;NOW-light||||||||&#8221; animated_text_color=&#8221;#5D1962&#8243; animated_font_size=&#8221;40px&#8221; custom_padding=&#8221;1px|||||&#8221; locked=&#8221;off&#8221; global_colors_info=&#8221;{}&#8221;][\/ba_animated_text][et_pb_code _builder_version=&#8221;4.19.0&#8243; _module_preset=&#8221;default&#8221; background_enable_color=&#8221;off&#8221; locked=&#8221;off&#8221; global_colors_info=&#8221;{}&#8221;]<div class=\"et_bloom_inline_form et_bloom_optin et_bloom_make_form_visible et_bloom_optin_3\" style=\"display: none;\">\n\t\t\t\t<style type=\"text\/css\">.et_bloom .et_bloom_optin_3 .et_bloom_form_content { background-color: #a2789c !important; } .et_bloom .et_bloom_optin_3 .et_bloom_form_container .et_bloom_form_header { background-color: #f8e3dc !important; } .et_bloom .et_bloom_optin_3 .wedge_edge .triangle { fill: #f8e3dc} .et_bloom .et_bloom_optin_3 .et_bloom_form_content button { background-color: #f8e3dc !important; } .et_bloom .et_bloom_optin_3 .et_bloom_form_content .et_bloom_fields i { color: #f8e3dc !important; } .et_bloom .et_bloom_optin_3 .et_bloom_form_content .et_bloom_custom_field_radio i:before { background: #f8e3dc !important; } .et_bloom .et_bloom_optin_3 .et_bloom_form_content button { background-color: #f8e3dc !important; } .et_bloom .et_bloom_optin_3 .et_bloom_form_container h2, .et_bloom .et_bloom_optin_3 .et_bloom_form_container h2 span, .et_bloom .et_bloom_optin_3 .et_bloom_form_container h2 strong { font-family: \"Nunito\", Helvetica, Arial, Lucida, sans-serif; }.et_bloom .et_bloom_optin_3 .et_bloom_form_container p, .et_bloom .et_bloom_optin_3 .et_bloom_form_container p span, .et_bloom .et_bloom_optin_3 .et_bloom_form_container p strong, .et_bloom .et_bloom_optin_3 .et_bloom_form_container form input, .et_bloom .et_bloom_optin_3 .et_bloom_form_container form button span { font-family: \"Open Sans\", Helvetica, Arial, Lucida, sans-serif; } <\/style>\n\t\t\t\t<div class=\"et_bloom_form_container  with_edge wedge_edge et_bloom_rounded_corners et_bloom_rounded et_bloom_form_text_light et_bloom_form_right et_bloom_inline_2_fields\">\n\t\t\t\t\t\n\t\t\t<div class=\"et_bloom_form_container_wrapper clearfix\">\n\t\t\t\t<div class=\"et_bloom_header_outer\">\n\t\t\t\t\t<div class=\"et_bloom_form_header split et_bloom_header_text_light\">\n\t\t\t\t\t\t<img loading=\"lazy\" decoding=\"async\" width=\"610\" height=\"610\" src=\"https:\/\/hertimeromania.com\/wp-content\/uploads\/2022\/11\/htr-mobilepng-610x610.png\" class=\" et_bloom_image_slideup et_bloom_image\" alt=\"\" \/>\n\t\t\t\t\t\t<div class=\"et_bloom_form_text\">\n\t\t\t\t\t\t<h2><span style=\"font-family: NOW, Helvetica, Arial, Lucida, sans-serif; font-size: 21px; font-weight: 500; letter-spacing: 1px; background-color: #f8e3dc; color: #800080;\">Afl\u0103 \u00eenaintea tuturor, aboneaz\u0103-te la Newsletter!<\/span><\/h2>\n\t\t\t\t\t<\/div>\n\t\t\t\t\t\t\n\t\t\t\t\t<\/div>\n\t\t\t\t<\/div>\n\t\t\t\t<div class=\"et_bloom_form_content et_bloom_2_fields\">\n\t\t\t\t\t\n\t\t\t\t\t<svg class=\"triangle et_bloom_default_edge\" xmlns=\"http:\/\/www.w3.org\/2000\/svg\" version=\"1.1\" width=\"20\" height=\"100%\" viewBox=\"0 0 100 100\" preserveAspectRatio=\"none\">\n\t\t\t\t\t\t<path d=\"M0 0 L0 100 L100 50 Z\" fill=\"\"><\/path>\n\t\t\t\t\t<\/svg><svg class=\"triangle et_bloom_responsive_edge\" xmlns=\"http:\/\/www.w3.org\/2000\/svg\" version=\"1.1\" width=\"100%\" height=\"20\" viewBox=\"0 0 100 100\" preserveAspectRatio=\"none\">\n\t\t\t\t\t\t\t<path d=\"M0 0 L50 100 L100 0 Z\" fill=\"\"><\/path>\n\t\t\t\t\t\t<\/svg>\n\t\t\t\t\t<form method=\"post\" class=\"clearfix\">\n\t\t\t\t\t\t<div class=\"et_bloom_fields\">\n\t\t\t\t\t\t\t<p class=\"et_bloom_popup_input et_bloom_subscribe_name\">\n\t\t\t\t\t\t\t\t<input placeholder=\"Nume\" maxlength=\"50\">\n\t\t\t\t\t\t\t<\/p>\n\t\t\t\t\t\t\t<p class=\"et_bloom_popup_input et_bloom_subscribe_email\">\n\t\t\t\t\t\t\t\t<input placeholder=\"Email\">\n\t\t\t\t\t\t\t<\/p>\n\t\t\t\t\t\t\t\n\t\t\t\t\t\t\t<button data-optin_id=\"optin_3\" data-service=\"mailchimp\" data-list_id=\"d3d57710b7\" data-page_id=\"5510\" data-account=\"HerTimeRo\" data-ip_address=\"true\" class=\"et_bloom_submit_subscription\">\n\t\t\t\t\t\t\t\t<span class=\"et_bloom_subscribe_loader\"><\/span>\n\t\t\t\t\t\t\t\t<span class=\"et_bloom_button_text et_bloom_button_text_color_dark\">SUBSCRIBE!<\/span>\n\t\t\t\t\t\t\t<\/button>\n\t\t\t\t\t\t<\/div>\n\t\t\t\t\t<\/form>\n\t\t\t\t\t<div class=\"et_bloom_success_container\">\n\t\t\t\t\t\t<span class=\"et_bloom_success_checkmark\"><\/span>\n\t\t\t\t\t<\/div>\n\t\t\t\t\t<h2 class=\"et_bloom_success_message\">Thank you! Wonderful things are on the way!<\/h2>\n\t\t\t\t\t\n\t\t\t\t<\/div>\n\t\t\t<\/div>\n\t\t\t<span class=\"et_bloom_close_button\"><\/span>\n\t\t\t\t<\/div>\n\t\t\t<\/div>[\/et_pb_code][\/et_pb_column][\/et_pb_row][\/et_pb_section]\n","protected":false},"excerpt":{"rendered":"<p>Bine ai venit pe blogul Hertime Romania!<div class=\"et_pb_module dsm_gradient_text dsm_gradient_text_0 \">\n\t\t\t\t\n\t\t\t\t\n\t\t\t\t\n\t\t\t\t\n\t\t\t\t\n\t\t\t\t\n\t\t\t\t<div class=\"et_pb_module_inner\">\n\t\t\t\t\t<h1 class=\"dsm-gradient-text et_pb_module_header\">Vorbim despre feminism<\/h1>\n\t\t\t\t<\/div>\n\t\t\t<\/div><div class=\"et_pb_module ba_animated_text ba_animated_text_0\">\n\t\t\t\t\n\t\t\t\t\n\t\t\t\t\n\t\t\t\t\n\t\t\t\t\n\t\t\t\t\n\t\t\t\t<div class=\"et_pb_module_inner\">\n\t\t\t\t\t<div id=\"dtq-animated-text-0\" class=\"dtq-module dtq-animated-text dtq-front\" data-settings=\"{&quot;strings&quot;:[&quot;Connect with us. Stay updated&quot;],&quot;showCursor&quot;:true,&quot;loop&quot;:false,&quot;typeSpeed&quot;:100,&quot;startDelay&quot;:300,&quot;backSpeed&quot;:50,&quot;backDelay&quot;:500}\" data-type=\"typed\">\n\t\t\t\t<h6 class=\"dtq-animated-text-head\">\n\t\t\t\t\t <div class=\"dtq-text-animation dtq-animated-text-main dtq-typed-text\"><\/div> \n\t\t\t\t<\/h6>\n\t\t\t<\/div>\n\t\t\t\t<\/div>\n\t\t\t<\/div><div class=\"et_bloom_inline_form et_bloom_optin et_bloom_make_form_visible et_bloom_optin_3\" style=\"display: none;\">\n\t\t\t\t<style type=\"text\/css\">.et_bloom .et_bloom_optin_3 .et_bloom_form_content { background-color: #a2789c !important; } .et_bloom .et_bloom_optin_3 .et_bloom_form_container .et_bloom_form_header { background-color: #f8e3dc !important; } .et_bloom .et_bloom_optin_3 .wedge_edge .triangle { fill: #f8e3dc} .et_bloom .et_bloom_optin_3 .et_bloom_form_content button { background-color: #f8e3dc !important; } .et_bloom .et_bloom_optin_3 .et_bloom_form_content .et_bloom_fields i { color: #f8e3dc !important; } .et_bloom .et_bloom_optin_3 .et_bloom_form_content .et_bloom_custom_field_radio i:before { background: #f8e3dc !important; } .et_bloom .et_bloom_optin_3 .et_bloom_form_content button { background-color: #f8e3dc !important; } .et_bloom .et_bloom_optin_3 .et_bloom_form_container h2, .et_bloom .et_bloom_optin_3 .et_bloom_form_container h2 span, .et_bloom .et_bloom_optin_3 .et_bloom_form_container h2 strong { font-family: \"Nunito\", Helvetica, Arial, Lucida, sans-serif; }.et_bloom .et_bloom_optin_3 .et_bloom_form_container p, .et_bloom .et_bloom_optin_3 .et_bloom_form_container p span, .et_bloom .et_bloom_optin_3 .et_bloom_form_container p strong, .et_bloom .et_bloom_optin_3 .et_bloom_form_container form input, .et_bloom .et_bloom_optin_3 .et_bloom_form_container form button span { font-family: \"Open Sans\", Helvetica, Arial, Lucida, sans-serif; } <\/style>\n\t\t\t\t<div class=\"et_bloom_form_container  with_edge wedge_edge et_bloom_rounded_corners et_bloom_rounded et_bloom_form_text_light et_bloom_form_right et_bloom_inline_2_fields\">\n\t\t\t\t\t\n\t\t\t<div class=\"et_bloom_form_container_wrapper clearfix\">\n\t\t\t\t<div class=\"et_bloom_header_outer\">\n\t\t\t\t\t<div class=\"et_bloom_form_header split et_bloom_header_text_light\">\n\t\t\t\t\t\t<img width=\"610\" height=\"610\" src=\"https:\/\/hertimeromania.com\/wp-content\/uploads\/2022\/11\/htr-mobilepng-610x610.png\" class=\" et_bloom_image_slideup et_bloom_image\" alt=\"\" decoding=\"async\" loading=\"lazy\" \/>\n\t\t\t\t\t\t<div class=\"et_bloom_form_text\">\n\t\t\t\t\t\t<h2><span style=\"font-family: NOW, Helvetica, Arial, Lucida, sans-serif; font-size: 21px; font-weight: 500; letter-spacing: 1px; background-color: #f8e3dc; color: #800080;\">Afl\u0103 \u00eenaintea tuturor, aboneaz\u0103-te la Newsletter!<\/span><\/h2>\n\t\t\t\t\t<\/div>\n\t\t\t\t\t\t\n\t\t\t\t\t<\/div>\n\t\t\t\t<\/div>\n\t\t\t\t<div class=\"et_bloom_form_content et_bloom_2_fields\">\n\t\t\t\t\t\n\t\t\t\t\t<svg class=\"triangle et_bloom_default_edge\" xmlns=\"http:\/\/www.w3.org\/2000\/svg\" version=\"1.1\" width=\"20\" height=\"100%\" viewBox=\"0 0 100 100\" preserveAspectRatio=\"none\">\n\t\t\t\t\t\t<path d=\"M0 0 L0 100 L100 50 Z\" fill=\"\"><\/path>\n\t\t\t\t\t<\/svg><svg class=\"triangle et_bloom_responsive_edge\" xmlns=\"http:\/\/www.w3.org\/2000\/svg\" version=\"1.1\" width=\"100%\" height=\"20\" viewBox=\"0 0 100 100\" preserveAspectRatio=\"none\">\n\t\t\t\t\t\t\t<path d=\"M0 0 L50 100 L100 0 Z\" fill=\"\"><\/path>\n\t\t\t\t\t\t<\/svg>\n\t\t\t\t\t<form method=\"post\" class=\"clearfix\">\n\t\t\t\t\t\t<div class=\"et_bloom_fields\">\n\t\t\t\t\t\t\t<p class=\"et_bloom_popup_input et_bloom_subscribe_name\">\n\t\t\t\t\t\t\t\t<input placeholder=\"Nume\" maxlength=\"50\">\n\t\t\t\t\t\t\t<\/p>\n\t\t\t\t\t\t\t<p class=\"et_bloom_popup_input et_bloom_subscribe_email\">\n\t\t\t\t\t\t\t\t<input placeholder=\"Email\">\n\t\t\t\t\t\t\t<\/p>\n\t\t\t\t\t\t\t\n\t\t\t\t\t\t\t<button data-optin_id=\"optin_3\" data-service=\"mailchimp\" data-list_id=\"d3d57710b7\" data-page_id=\"5510\" data-account=\"HerTimeRo\" data-ip_address=\"true\" class=\"et_bloom_submit_subscription\">\n\t\t\t\t\t\t\t\t<span class=\"et_bloom_subscribe_loader\"><\/span>\n\t\t\t\t\t\t\t\t<span class=\"et_bloom_button_text et_bloom_button_text_color_dark\">SUBSCRIBE!<\/span>\n\t\t\t\t\t\t\t<\/button>\n\t\t\t\t\t\t<\/div>\n\t\t\t\t\t<\/form>\n\t\t\t\t\t<div class=\"et_bloom_success_container\">\n\t\t\t\t\t\t<span class=\"et_bloom_success_checkmark\"><\/span>\n\t\t\t\t\t<\/div>\n\t\t\t\t\t<h2 class=\"et_bloom_success_message\">Thank you! Wonderful things are on the way!<\/h2>\n\t\t\t\t\t\n\t\t\t\t<\/div>\n\t\t\t<\/div>\n\t\t\t<span class=\"et_bloom_close_button\"><\/span>\n\t\t\t\t<\/div>\n\t\t\t<\/div><\/p>\n","protected":false},"author":15,"featured_media":0,"parent":0,"menu_order":0,"comment_status":"closed","ping_status":"closed","template":"","meta":{"_et_pb_use_builder":"on","_et_pb_old_content":"","_et_gb_content_width":"","_monsterinsights_skip_tracking":false,"_monsterinsights_sitenote_active":false,"_monsterinsights_sitenote_note":"","_monsterinsights_sitenote_category":0,"footnotes":""},"class_list":["post-5510","page","type-page","status-publish","hentry"],"_links":{"self":[{"href":"https:\/\/hertimeromania.com\/en\/wp-json\/wp\/v2\/pages\/5510","targetHints":{"allow":["GET"]}}],"collection":[{"href":"https:\/\/hertimeromania.com\/en\/wp-json\/wp\/v2\/pages"}],"about":[{"href":"https:\/\/hertimeromania.com\/en\/wp-json\/wp\/v2\/types\/page"}],"author":[{"embeddable":true,"href":"https:\/\/hertimeromania.com\/en\/wp-json\/wp\/v2\/users\/15"}],"replies":[{"embeddable":true,"href":"https:\/\/hertimeromania.com\/en\/wp-json\/wp\/v2\/comments?post=5510"}],"version-history":[{"count":67,"href":"https:\/\/hertimeromania.com\/en\/wp-json\/wp\/v2\/pages\/5510\/revisions"}],"predecessor-version":[{"id":8261,"href":"https:\/\/hertimeromania.com\/en\/wp-json\/wp\/v2\/pages\/5510\/revisions\/8261"}],"wp:attachment":[{"href":"https:\/\/hertimeromania.com\/en\/wp-json\/wp\/v2\/media?parent=5510"}],"curies":[{"name":"wp","href":"https:\/\/api.w.org\/{rel}","templated":true}]}}